{"id":670,"date":"2019-08-09T06:45:35","date_gmt":"2019-08-09T06:45:35","guid":{"rendered":"https:\/\/www.christiandealmeidarego.net\/?page_id=670"},"modified":"2020-01-27T10:05:20","modified_gmt":"2020-01-27T10:05:20","slug":"digital-nomading","status":"publish","type":"page","link":"https:\/\/www.christiandealmeidarego.net\/pt\/digital-nomading\/","title":{"rendered":"Digital Nomading"},"content":{"rendered":"<section class=\"vc_section\"><div id=\"digital_section_1_3\" class=\"vc_row wpb_row vc_row-fluid  animate_onoffset row-dynamic-el standard_section\" style=\"\" ><div  style=\"position: absolute;top: 0;\"><\/div><div class=\"container  dark\"><div class=\"section_clear\">\n\t<div class=\"vc_col-sm-12 wpb_column column_container\" style=\"\" data-animation=\"none\" data-delay=\"\">\n\t\t\t<div class=\"wpb_wrapper\">\n\t\t\t\t<div class=\"vc_custom_heading wpb_content_element\" ><h1 style=\"font-size: 35px;text-align: center\" >Christian De Almeida Rego's Digital Nomad Tips and Guide<\/h1><\/div>\n\t<div class=\"wpb_text_column wpb_content_element\">\n\t\t<div class=\"wpb_wrapper\" >\n\t\t\t<p style=\"text-align: center;\"><span data-sheets-value=\"{&quot;1&quot;:2,&quot;2&quot;:&quot;Do you dream of working from a stunning remote location? Are you searching for ways to make money as a Digital Nomad? Don't bother; here you can learn what a digital nomad is by reading Christian De Almeida Rego's work experience as Digital Nomad.&quot;}\" data-sheets-userformat=\"{&quot;2&quot;:13057,&quot;3&quot;:{&quot;1&quot;:0},&quot;11&quot;:3,&quot;12&quot;:0,&quot;15&quot;:&quot;Verdana&quot;,&quot;16&quot;:10}\">Do you dream of working from a stunning remote location? Are you searching for ways to make money as a Digital Nomad? Don&#8217;t bother; here you can learn what a digital nomad is by reading Christian De Almeida Rego&#8217;s work experience as Digital Nomad.<\/span><\/p>\n\n\t\t<\/div> \n\t<\/div> \n        \n\n        <article id=\"post-1254\" class=\"row-fluid blog-article standard-style normal post-1254 post type-post status-publish format-standard has-post-thumbnail hentry category-digital_nomad\">                    \n\n            \n          \n                                <div class=\"media\">\n                                                                                        <a href=\"https:\/\/www.christiandealmeidarego.net\/pt\/christiande-almeidaregos-digitald-nomad-ultimate-guide\/\"><div class=\"overlay\"><div class=\"post_type_circle\"><i class=\"icon-chevron-right\"><\/i><\/div><\/div><\/a>\n                        \n                                                \n                            <img decoding=\"async\" src=\"https:\/\/www.christiandealmeidarego.net\/wp-content\/uploads\/2019\/03\/busy-man-825x340.jpg\" alt=\"Guia Digital Nomad Ultimate de ChristiandeAlmeidarego\">\n                                                                                \n                \n                                <\/div>\n                \n                <div class=\"content\">\n                                        \n                                                            <h2><a href=\"https:\/\/www.christiandealmeidarego.net\/pt\/christiande-almeidaregos-digitald-nomad-ultimate-guide\/\">Guia Digital Nomad Ultimate de ChristiandeAlmeidarego<\/a><\/h2>\n                    \n                    <ul class=\"info\">\n                                                                                                                        \n                    <\/ul>\n                   \n \n                    <div class=\"text\">\n                        Deseja trabalhar a partir de quando e onde voc\u00ea deseja? Quer ver o mundo inteiro e ganhar dinheiro online? Quer mais liberdade? Torne-se um n\u00f4made digital. Ent\u00e3o, vamos dar uma olhada no que significa ser um n\u00f4made digital e como voc\u00ea pode viajar pelo mundo inteiro e trabalhar remotamente. Quem \u00e9 um n\u00f4made digital? UMA [\u2026]                    <\/div>\n                                        <a href=\"https:\/\/www.christiandealmeidarego.net\/pt\/christiande-almeidaregos-digitald-nomad-ultimate-guide\/\" class=\"btn-bt default\"><span>Read More<\/span><i class=\"moon-arrow-right-5\"><\/i><\/a>\n                                                                                    \n                    \n                <\/div>\n                        <\/article>\n\n    \n        \n\n        <article id=\"post-1253\" class=\"row-fluid blog-article standard-style normal post-1253 post type-post status-publish format-standard has-post-thumbnail hentry category-digital_nomad\">                    \n\n            \n          \n                                <div class=\"media\">\n                                                                                        <a href=\"https:\/\/www.christiandealmeidarego.net\/pt\/conferences-for-digital-nomads-remote-teams\/\"><div class=\"overlay\"><div class=\"post_type_circle\"><i class=\"icon-chevron-right\"><\/i><\/div><\/div><\/a>\n                        \n                                                \n                            <img decoding=\"async\" src=\"https:\/\/www.christiandealmeidarego.net\/wp-content\/uploads\/2019\/03\/conferenece-825x340.jpg\" alt=\"Confer\u00eancias para n\u00f4mades digitais e equipes remotas.\">\n                                                                                \n                \n                                <\/div>\n                \n                <div class=\"content\">\n                                        \n                                                            <h2><a href=\"https:\/\/www.christiandealmeidarego.net\/pt\/conferences-for-digital-nomads-remote-teams\/\">Confer\u00eancias para n\u00f4mades digitais e equipes remotas.<\/a><\/h2>\n                    \n                    <ul class=\"info\">\n                                                                                                                        \n                    <\/ul>\n                   \n \n                    <div class=\"text\">\n                        Com mais e mais n\u00f4mades digitais e equipes remotas viajando pelo mundo, est\u00e3o sendo organizadas confer\u00eancias para n\u00f4mades digitais e equipes remotas. Eles s\u00e3o o local ideal para descobrir sua comunidade. Voc\u00ea conhecer\u00e1 outras pessoas que gostam de levar o trabalho para as estradas e viajar. Essas confer\u00eancias n\u00e3o apenas fazem com que voc\u00ea goste de [\u2026]                    <\/div>\n                                        <a href=\"https:\/\/www.christiandealmeidarego.net\/pt\/conferences-for-digital-nomads-remote-teams\/\" class=\"btn-bt default\"><span>Read More<\/span><i class=\"moon-arrow-right-5\"><\/i><\/a>\n                                                                                    \n                    \n                <\/div>\n                        <\/article>\n\n    \n        \n\n        <article id=\"post-1252\" class=\"row-fluid blog-article standard-style normal post-1252 post type-post status-publish format-standard has-post-thumbnail hentry category-digital_nomad\">                    \n\n            \n          \n                                <div class=\"media\">\n                                                                                        <a href=\"https:\/\/www.christiandealmeidarego.net\/pt\/best-digital-nomad-jobs-where-to-find-them-in-2019\/\"><div class=\"overlay\"><div class=\"post_type_circle\"><i class=\"icon-chevron-right\"><\/i><\/div><\/div><\/a>\n                        \n                                                \n                            <img decoding=\"async\" src=\"https:\/\/www.christiandealmeidarego.net\/wp-content\/uploads\/2019\/03\/find-job-img-825x340.jpg\" alt=\"Melhor Digital Nomad Jobs + Onde encontr\u00e1-los em 2019.\">\n                                                                                \n                \n                                <\/div>\n                \n                <div class=\"content\">\n                                        \n                                                            <h2><a href=\"https:\/\/www.christiandealmeidarego.net\/pt\/best-digital-nomad-jobs-where-to-find-them-in-2019\/\">Melhor Digital Nomad Jobs + Onde encontr\u00e1-los em 2019.<\/a><\/h2>\n                    \n                    <ul class=\"info\">\n                                                                                                                        \n                    <\/ul>\n                   \n \n                    <div class=\"text\">\n                        Encontrar um bom emprego pode estar no topo da sua lista se voc\u00ea \u00e9 novo no nomading digital. Mas se voc\u00ea \u00e9 um n\u00f4made experiente, disposto a ter um emprego mais inspirador e revigorante, mudar de emprego \u00e9 a melhor op\u00e7\u00e3o. Se voc\u00ea \u00e9 um novato ou um n\u00f4made experiente, aqui est\u00e3o as melhores [\u2026]                    <\/div>\n                                        <a href=\"https:\/\/www.christiandealmeidarego.net\/pt\/best-digital-nomad-jobs-where-to-find-them-in-2019\/\" class=\"btn-bt default\"><span>Read More<\/span><i class=\"moon-arrow-right-5\"><\/i><\/a>\n                                                                                    \n                    \n                <\/div>\n                        <\/article>\n\n    \n        \n\n        <article id=\"post-1182\" class=\"row-fluid blog-article standard-style normal post-1182 post type-post status-publish format-standard has-post-thumbnail hentry category-digital_nomad\">                    \n\n            \n          \n                                <div class=\"media\">\n                                                                                        <a href=\"https:\/\/www.christiandealmeidarego.net\/pt\/how-to-become-a-digital-nomad-tips\/\"><div class=\"overlay\"><div class=\"post_type_circle\"><i class=\"icon-chevron-right\"><\/i><\/div><\/div><\/a>\n                        \n                                                \n                            <img decoding=\"async\" src=\"https:\/\/www.christiandealmeidarego.net\/wp-content\/uploads\/2019\/08\/tips-img-825x340.jpg\" alt=\"Como se tornar um n\u00f4made digital? - Dicas\">\n                                                                                \n                \n                                <\/div>\n                \n                <div class=\"content\">\n                                        \n                                                            <h2><a href=\"https:\/\/www.christiandealmeidarego.net\/pt\/how-to-become-a-digital-nomad-tips\/\">Como se tornar um n\u00f4made digital? - Dicas<\/a><\/h2>\n                    \n                    <ul class=\"info\">\n                                                                                                                        \n                    <\/ul>\n                   \n \n                    <div class=\"text\">\n                        Voc\u00ea sonha em trabalhar em um local remoto deslumbrante? O trabalho remoto agora se tornou uma grande tend\u00eancia, dando origem \u00e0 cultura dos n\u00f4mades digitais. Al\u00e9m disso, verifica-se que o trabalho remoto aumentar\u00e1 apenas nos pr\u00f3ximos anos. H\u00e1 muitos benef\u00edcios em se tornar n\u00f4mades digitais: Seu trabalho se torna mais eficiente Voc\u00ea [\u2026]                    <\/div>\n                                        <a href=\"https:\/\/www.christiandealmeidarego.net\/pt\/how-to-become-a-digital-nomad-tips\/\" class=\"btn-bt default\"><span>Read More<\/span><i class=\"moon-arrow-right-5\"><\/i><\/a>\n                                                                                    \n                    \n                <\/div>\n                        <\/article>\n\n        \n        \n        <div class=\"p_pagination\"><\/div>    \n    \n\n\t\t\t<\/div> \n\t<\/div> \n<\/div><\/div><\/div><\/section>","protected":false},"excerpt":{"rendered":"Do you dream of working from a stunning remote location? Remote working has now become a big trend, giving rise to the culture of digital nomads. Moreover, it is found that remote working will go upward only in the upcoming years. There are many benefits of becoming digital nomads: Your work becomes more efficient You [...]","protected":false},"author":1,"featured_media":0,"parent":0,"menu_order":0,"comment_status":"closed","ping_status":"closed","template":"","meta":{"footnotes":""},"class_list":["post-670","page","type-page","status-publish","hentry"],"yoast_head":"<!-- This site is optimized with the Yoast SEO plugin v25.0 - https:\/\/yoast.com\/wordpress\/plugins\/seo\/ -->\n<title>Christian De Almeida Rego - Digital Nomad Ultimate Guidance<\/title>\n<meta name=\"description\" content=\"Get all top tips regading digital nomad, blogs and all other details from one of the best travel experts Christian de Almeida Rego.\" \/>\n<meta name=\"robots\" content=\"index, follow, max-snippet:-1, max-image-preview:large, max-video-preview:-1\" \/>\n<link rel=\"canonical\" href=\"https:\/\/www.christiandealmeidarego.net\/pt\/digital-nomading\/\" \/>\n<meta property=\"og:locale\" content=\"pt_BR\" \/>\n<meta property=\"og:type\" content=\"article\" \/>\n<meta property=\"og:title\" content=\"Christian De Almeida Rego - Digital Nomad Ultimate Guidance\" \/>\n<meta property=\"og:description\" content=\"Get all top tips regading digital nomad, blogs and all other details from one of the best travel experts Christian de Almeida Rego.\" \/>\n<meta property=\"og:url\" content=\"https:\/\/www.christiandealmeidarego.net\/pt\/digital-nomading\/\" \/>\n<meta property=\"og:site_name\" content=\"Christian De Almeida Rego\" \/>\n<meta property=\"article:modified_time\" content=\"2020-01-27T10:05:20+00:00\" \/>\n<meta name=\"twitter:card\" content=\"summary_large_image\" \/>\n<script type=\"application\/ld+json\" class=\"yoast-schema-graph\">{\"@context\":\"https:\/\/schema.org\",\"@graph\":[{\"@type\":\"WebPage\",\"@id\":\"https:\/\/www.christiandealmeidarego.net\/digital-nomading\/\",\"url\":\"https:\/\/www.christiandealmeidarego.net\/digital-nomading\/\",\"name\":\"Christian De Almeida Rego - Digital Nomad Ultimate Guidance\",\"isPartOf\":{\"@id\":\"https:\/\/www.christiandealmeidarego.net\/#website\"},\"datePublished\":\"2019-08-09T06:45:35+00:00\",\"dateModified\":\"2020-01-27T10:05:20+00:00\",\"description\":\"Get all top tips regading digital nomad, blogs and all other details from one of the best travel experts Christian de Almeida Rego.\",\"breadcrumb\":{\"@id\":\"https:\/\/www.christiandealmeidarego.net\/digital-nomading\/#breadcrumb\"},\"inLanguage\":\"pt-BR\",\"potentialAction\":[{\"@type\":\"ReadAction\",\"target\":[\"https:\/\/www.christiandealmeidarego.net\/digital-nomading\/\"]}]},{\"@type\":\"BreadcrumbList\",\"@id\":\"https:\/\/www.christiandealmeidarego.net\/digital-nomading\/#breadcrumb\",\"itemListElement\":[{\"@type\":\"ListItem\",\"position\":1,\"name\":\"Home\",\"item\":\"https:\/\/www.christiandealmeidarego.net\/\"},{\"@type\":\"ListItem\",\"position\":2,\"name\":\"Digital Nomading\"}]},{\"@type\":\"WebSite\",\"@id\":\"https:\/\/www.christiandealmeidarego.net\/#website\",\"url\":\"https:\/\/www.christiandealmeidarego.net\/\",\"name\":\"Christian De Almeida Rego\",\"description\":\"Christian De Almeida Rego\",\"potentialAction\":[{\"@type\":\"SearchAction\",\"target\":{\"@type\":\"EntryPoint\",\"urlTemplate\":\"https:\/\/www.christiandealmeidarego.net\/?s={search_term_string}\"},\"query-input\":{\"@type\":\"PropertyValueSpecification\",\"valueRequired\":true,\"valueName\":\"search_term_string\"}}],\"inLanguage\":\"pt-BR\"}]}<\/script>\n<!-- \/ Yoast SEO plugin. -->","yoast_head_json":{"title":"Christian De Almeida Rego - Digital Nomad Ultimate Guidance","description":"Get all top tips regading digital nomad, blogs and all other details from one of the best travel experts Christian de Almeida Rego.","robots":{"index":"index","follow":"follow","max-snippet":"max-snippet:-1","max-image-preview":"max-image-preview:large","max-video-preview":"max-video-preview:-1"},"canonical":"https:\/\/www.christiandealmeidarego.net\/pt\/digital-nomading\/","og_locale":"pt_BR","og_type":"article","og_title":"Christian De Almeida Rego - Digital Nomad Ultimate Guidance","og_description":"Get all top tips regading digital nomad, blogs and all other details from one of the best travel experts Christian de Almeida Rego.","og_url":"https:\/\/www.christiandealmeidarego.net\/pt\/digital-nomading\/","og_site_name":"Christian De Almeida Rego","article_modified_time":"2020-01-27T10:05:20+00:00","twitter_card":"summary_large_image","schema":{"@context":"https:\/\/schema.org","@graph":[{"@type":"WebPage","@id":"https:\/\/www.christiandealmeidarego.net\/digital-nomading\/","url":"https:\/\/www.christiandealmeidarego.net\/digital-nomading\/","name":"Christian De Almeida Rego - Digital Nomad Ultimate Guidance","isPartOf":{"@id":"https:\/\/www.christiandealmeidarego.net\/#website"},"datePublished":"2019-08-09T06:45:35+00:00","dateModified":"2020-01-27T10:05:20+00:00","description":"Get all top tips regading digital nomad, blogs and all other details from one of the best travel experts Christian de Almeida Rego.","breadcrumb":{"@id":"https:\/\/www.christiandealmeidarego.net\/digital-nomading\/#breadcrumb"},"inLanguage":"pt-BR","potentialAction":[{"@type":"ReadAction","target":["https:\/\/www.christiandealmeidarego.net\/digital-nomading\/"]}]},{"@type":"BreadcrumbList","@id":"https:\/\/www.christiandealmeidarego.net\/digital-nomading\/#breadcrumb","itemListElement":[{"@type":"ListItem","position":1,"name":"Home","item":"https:\/\/www.christiandealmeidarego.net\/"},{"@type":"ListItem","position":2,"name":"Digital Nomading"}]},{"@type":"WebSite","@id":"https:\/\/www.christiandealmeidarego.net\/#website","url":"https:\/\/www.christiandealmeidarego.net\/","name":"Christian De Almeida Rego","description":"Christian De Almeida Rego","potentialAction":[{"@type":"SearchAction","target":{"@type":"EntryPoint","urlTemplate":"https:\/\/www.christiandealmeidarego.net\/?s={search_term_string}"},"query-input":{"@type":"PropertyValueSpecification","valueRequired":true,"valueName":"search_term_string"}}],"inLanguage":"pt-BR"}]}},"_links":{"self":[{"href":"https:\/\/www.christiandealmeidarego.net\/pt\/wp-json\/wp\/v2\/pages\/670","targetHints":{"allow":["GET"]}}],"collection":[{"href":"https:\/\/www.christiandealmeidarego.net\/pt\/wp-json\/wp\/v2\/pages"}],"about":[{"href":"https:\/\/www.christiandealmeidarego.net\/pt\/wp-json\/wp\/v2\/types\/page"}],"author":[{"embeddable":true,"href":"https:\/\/www.christiandealmeidarego.net\/pt\/wp-json\/wp\/v2\/users\/1"}],"replies":[{"embeddable":true,"href":"https:\/\/www.christiandealmeidarego.net\/pt\/wp-json\/wp\/v2\/comments?post=670"}],"version-history":[{"count":7,"href":"https:\/\/www.christiandealmeidarego.net\/pt\/wp-json\/wp\/v2\/pages\/670\/revisions"}],"predecessor-version":[{"id":1956,"href":"https:\/\/www.christiandealmeidarego.net\/pt\/wp-json\/wp\/v2\/pages\/670\/revisions\/1956"}],"wp:attachment":[{"href":"https:\/\/www.christiandealmeidarego.net\/pt\/wp-json\/wp\/v2\/media?parent=670"}],"curies":[{"name":"wp","href":"https:\/\/api.w.org\/{rel}","templated":true}]}}