{"id":670,"date":"2019-08-09T06:45:35","date_gmt":"2019-08-09T06:45:35","guid":{"rendered":"https:\/\/www.christiandealmeidarego.net\/?page_id=670"},"modified":"2020-01-27T10:05:20","modified_gmt":"2020-01-27T10:05:20","slug":"digital-nomading","status":"publish","type":"page","link":"https:\/\/www.christiandealmeidarego.net\/es\/digital-nomading\/","title":{"rendered":"Nominaci\u00f3n digital"},"content":{"rendered":"<section class=\"vc_section\"><div id=\"digital_section_1_3\" class=\"vc_row wpb_row vc_row-fluid  animate_onoffset row-dynamic-el standard_section\" style=\"\" ><div  style=\"position: absolute;top: 0;\"><\/div><div class=\"container  dark\"><div class=\"section_clear\">\n\t<div class=\"vc_col-sm-12 wpb_column column_container\" style=\"\" data-animation=\"none\" data-delay=\"\">\n\t\t\t<div class=\"wpb_wrapper\">\n\t\t\t\t<div class=\"vc_custom_heading wpb_content_element\" ><h1 style=\"font-size: 35px;text-align: center\" >Christian De Almeida Rego's Digital Nomad Tips and Guide<\/h1><\/div>\n\t<div class=\"wpb_text_column wpb_content_element\">\n\t\t<div class=\"wpb_wrapper\" >\n\t\t\t<p style=\"text-align: center;\"><span data-sheets-value=\"{&quot;1&quot;:2,&quot;2&quot;:&quot;Do you dream of working from a stunning remote location? Are you searching for ways to make money as a Digital Nomad? Don't bother; here you can learn what a digital nomad is by reading Christian De Almeida Rego's work experience as Digital Nomad.&quot;}\" data-sheets-userformat=\"{&quot;2&quot;:13057,&quot;3&quot;:{&quot;1&quot;:0},&quot;11&quot;:3,&quot;12&quot;:0,&quot;15&quot;:&quot;Verdana&quot;,&quot;16&quot;:10}\">Do you dream of working from a stunning remote location? Are you searching for ways to make money as a Digital Nomad? Don&#8217;t bother; here you can learn what a digital nomad is by reading Christian De Almeida Rego&#8217;s work experience as Digital Nomad.<\/span><\/p>\n\n\t\t<\/div> \n\t<\/div> \n        \n\n        <article id=\"post-1254\" class=\"row-fluid blog-article standard-style normal post-1254 post type-post status-publish format-standard has-post-thumbnail hentry category-digital_nomad\">                    \n\n            \n          \n                                <div class=\"media\">\n                                                                                        <a href=\"https:\/\/www.christiandealmeidarego.net\/es\/christiande-almeidaregos-digitald-nomad-ultimate-guide\/\"><div class=\"overlay\"><div class=\"post_type_circle\"><i class=\"icon-chevron-right\"><\/i><\/div><\/div><\/a>\n                        \n                                                \n                            <img decoding=\"async\" src=\"https:\/\/www.christiandealmeidarego.net\/wp-content\/uploads\/2019\/03\/busy-man-825x340.jpg\" alt=\"Christian Ultimate Digital Nomad Ultimate Guide de ChristiandeAlmeidarego\">\n                                                                                \n                \n                                <\/div>\n                \n                <div class=\"content\">\n                                        \n                                                            <h2><a href=\"https:\/\/www.christiandealmeidarego.net\/es\/christiande-almeidaregos-digitald-nomad-ultimate-guide\/\">Christian Ultimate Digital Nomad Ultimate Guide de ChristiandeAlmeidarego<\/a><\/h2>\n                    \n                    <ul class=\"info\">\n                                                                                                                        \n                    <\/ul>\n                   \n \n                    <div class=\"text\">\n                        \u00bfQuieres trabajar desde cu\u00e1ndo y d\u00f3nde lo desees? \u00bfQuieres ver el mundo entero y ganar dinero en l\u00ednea? \u00bfQuieres m\u00e1s libertad? Convi\u00e9rtete en un n\u00f3mada digital. Entonces, echemos un vistazo a lo que significa ser un n\u00f3mada digital y c\u00f3mo puede viajar por todo el mundo y trabajar de forma remota. \u00bfQui\u00e9n es un n\u00f3mada digital? UNA [\u2026]                    <\/div>\n                                        <a href=\"https:\/\/www.christiandealmeidarego.net\/es\/christiande-almeidaregos-digitald-nomad-ultimate-guide\/\" class=\"btn-bt default\"><span>Read More<\/span><i class=\"moon-arrow-right-5\"><\/i><\/a>\n                                                                                    \n                    \n                <\/div>\n                        <\/article>\n\n    \n        \n\n        <article id=\"post-1253\" class=\"row-fluid blog-article standard-style normal post-1253 post type-post status-publish format-standard has-post-thumbnail hentry category-digital_nomad\">                    \n\n            \n          \n                                <div class=\"media\">\n                                                                                        <a href=\"https:\/\/www.christiandealmeidarego.net\/es\/conferences-for-digital-nomads-remote-teams\/\"><div class=\"overlay\"><div class=\"post_type_circle\"><i class=\"icon-chevron-right\"><\/i><\/div><\/div><\/a>\n                        \n                                                \n                            <img decoding=\"async\" src=\"https:\/\/www.christiandealmeidarego.net\/wp-content\/uploads\/2019\/03\/conferenece-825x340.jpg\" alt=\"Conferencias para n\u00f3madas digitales y equipos remotos.\">\n                                                                                \n                \n                                <\/div>\n                \n                <div class=\"content\">\n                                        \n                                                            <h2><a href=\"https:\/\/www.christiandealmeidarego.net\/es\/conferences-for-digital-nomads-remote-teams\/\">Conferencias para n\u00f3madas digitales y equipos remotos.<\/a><\/h2>\n                    \n                    <ul class=\"info\">\n                                                                                                                        \n                    <\/ul>\n                   \n \n                    <div class=\"text\">\n                        Con m\u00e1s y m\u00e1s n\u00f3madas digitales y equipos remotos viajando por el mundo, se est\u00e1n organizando conferencias para n\u00f3madas digitales y equipos remotos. Son el lugar ideal para descubrir su comunidad. Conocer\u00e1s a otros a quienes les gusta llevar su trabajo por las carreteras y viajar. Estas conferencias no solo hacen que a ustedes les guste [\u2026]                    <\/div>\n                                        <a href=\"https:\/\/www.christiandealmeidarego.net\/es\/conferences-for-digital-nomads-remote-teams\/\" class=\"btn-bt default\"><span>Read More<\/span><i class=\"moon-arrow-right-5\"><\/i><\/a>\n                                                                                    \n                    \n                <\/div>\n                        <\/article>\n\n    \n        \n\n        <article id=\"post-1252\" class=\"row-fluid blog-article standard-style normal post-1252 post type-post status-publish format-standard has-post-thumbnail hentry category-digital_nomad\">                    \n\n            \n          \n                                <div class=\"media\">\n                                                                                        <a href=\"https:\/\/www.christiandealmeidarego.net\/es\/best-digital-nomad-jobs-where-to-find-them-in-2019\/\"><div class=\"overlay\"><div class=\"post_type_circle\"><i class=\"icon-chevron-right\"><\/i><\/div><\/div><\/a>\n                        \n                                                \n                            <img decoding=\"async\" src=\"https:\/\/www.christiandealmeidarego.net\/wp-content\/uploads\/2019\/03\/find-job-img-825x340.jpg\" alt=\"Los mejores trabajos de n\u00f3mada digital + d\u00f3nde encontrarlos en 2019.\">\n                                                                                \n                \n                                <\/div>\n                \n                <div class=\"content\">\n                                        \n                                                            <h2><a href=\"https:\/\/www.christiandealmeidarego.net\/es\/best-digital-nomad-jobs-where-to-find-them-in-2019\/\">Los mejores trabajos de n\u00f3mada digital + d\u00f3nde encontrarlos en 2019.<\/a><\/h2>\n                    \n                    <ul class=\"info\">\n                                                                                                                        \n                    <\/ul>\n                   \n \n                    <div class=\"text\">\n                        Encontrar un buen trabajo podr\u00eda estar en la parte superior de su lista si es nuevo en la nominaci\u00f3n digital. Pero si eres un n\u00f3mada experimentado y dispuesto a tener un trabajo m\u00e1s inspirador y refrescante, cambiar tu trabajo es la mejor opci\u00f3n. Si eres un novato o un n\u00f3mada experimentado, aqu\u00ed est\u00e1n los mejores [\u2026]                    <\/div>\n                                        <a href=\"https:\/\/www.christiandealmeidarego.net\/es\/best-digital-nomad-jobs-where-to-find-them-in-2019\/\" class=\"btn-bt default\"><span>Read More<\/span><i class=\"moon-arrow-right-5\"><\/i><\/a>\n                                                                                    \n                    \n                <\/div>\n                        <\/article>\n\n    \n        \n\n        <article id=\"post-1182\" class=\"row-fluid blog-article standard-style normal post-1182 post type-post status-publish format-standard has-post-thumbnail hentry category-digital_nomad\">                    \n\n            \n          \n                                <div class=\"media\">\n                                                                                        <a href=\"https:\/\/www.christiandealmeidarego.net\/es\/how-to-become-a-digital-nomad-tips\/\"><div class=\"overlay\"><div class=\"post_type_circle\"><i class=\"icon-chevron-right\"><\/i><\/div><\/div><\/a>\n                        \n                                                \n                            <img decoding=\"async\" src=\"https:\/\/www.christiandealmeidarego.net\/wp-content\/uploads\/2019\/08\/tips-img-825x340.jpg\" alt=\"\u00bfC\u00f3mo convertirse en un n\u00f3mada digital? - Consejos\">\n                                                                                \n                \n                                <\/div>\n                \n                <div class=\"content\">\n                                        \n                                                            <h2><a href=\"https:\/\/www.christiandealmeidarego.net\/es\/how-to-become-a-digital-nomad-tips\/\">\u00bfC\u00f3mo convertirse en un n\u00f3mada digital? - Consejos<\/a><\/h2>\n                    \n                    <ul class=\"info\">\n                                                                                                                        \n                    <\/ul>\n                   \n \n                    <div class=\"text\">\n                        \u00bfSue\u00f1as con trabajar desde una ubicaci\u00f3n remota impresionante? El trabajo remoto ahora se ha convertido en una gran tendencia, dando lugar a la cultura de los n\u00f3madas digitales. Adem\u00e1s, se encuentra que el trabajo remoto aumentar\u00e1 solo en los pr\u00f3ximos a\u00f1os. Hay muchos beneficios de convertirse en n\u00f3madas digitales: su trabajo se vuelve m\u00e1s eficiente Usted [\u2026]                    <\/div>\n                                        <a href=\"https:\/\/www.christiandealmeidarego.net\/es\/how-to-become-a-digital-nomad-tips\/\" class=\"btn-bt default\"><span>Read More<\/span><i class=\"moon-arrow-right-5\"><\/i><\/a>\n                                                                                    \n                    \n                <\/div>\n                        <\/article>\n\n        \n        \n        <div class=\"p_pagination\"><\/div>    \n    \n\n\t\t\t<\/div> \n\t<\/div> \n<\/div><\/div><\/div><\/section>","protected":false},"excerpt":{"rendered":"Do you dream of working from a stunning remote location? Remote working has now become a big trend, giving rise to the culture of digital nomads. Moreover, it is found that remote working will go upward only in the upcoming years. There are many benefits of becoming digital nomads: Your work becomes more efficient You [...]","protected":false},"author":1,"featured_media":0,"parent":0,"menu_order":0,"comment_status":"closed","ping_status":"closed","template":"","meta":{"footnotes":""},"class_list":["post-670","page","type-page","status-publish","hentry"],"yoast_head":"<!-- This site is optimized with the Yoast SEO plugin v25.0 - https:\/\/yoast.com\/wordpress\/plugins\/seo\/ -->\n<title>Christian De Almeida Rego - Digital Nomad Ultimate Guidance<\/title>\n<meta name=\"description\" content=\"Get all top tips regading digital nomad, blogs and all other details from one of the best travel experts Christian de Almeida Rego.\" \/>\n<meta name=\"robots\" content=\"index, follow, max-snippet:-1, max-image-preview:large, max-video-preview:-1\" \/>\n<link rel=\"canonical\" href=\"https:\/\/www.christiandealmeidarego.net\/es\/digital-nomading\/\" \/>\n<meta property=\"og:locale\" content=\"es_ES\" \/>\n<meta property=\"og:type\" content=\"article\" \/>\n<meta property=\"og:title\" content=\"Christian De Almeida Rego - Digital Nomad Ultimate Guidance\" \/>\n<meta property=\"og:description\" content=\"Get all top tips regading digital nomad, blogs and all other details from one of the best travel experts Christian de Almeida Rego.\" \/>\n<meta property=\"og:url\" content=\"https:\/\/www.christiandealmeidarego.net\/es\/digital-nomading\/\" \/>\n<meta property=\"og:site_name\" content=\"Christian De Almeida Rego\" \/>\n<meta property=\"article:modified_time\" content=\"2020-01-27T10:05:20+00:00\" \/>\n<meta name=\"twitter:card\" content=\"summary_large_image\" \/>\n<script type=\"application\/ld+json\" class=\"yoast-schema-graph\">{\"@context\":\"https:\/\/schema.org\",\"@graph\":[{\"@type\":\"WebPage\",\"@id\":\"https:\/\/www.christiandealmeidarego.net\/digital-nomading\/\",\"url\":\"https:\/\/www.christiandealmeidarego.net\/digital-nomading\/\",\"name\":\"Christian De Almeida Rego - Digital Nomad Ultimate Guidance\",\"isPartOf\":{\"@id\":\"https:\/\/www.christiandealmeidarego.net\/#website\"},\"datePublished\":\"2019-08-09T06:45:35+00:00\",\"dateModified\":\"2020-01-27T10:05:20+00:00\",\"description\":\"Get all top tips regading digital nomad, blogs and all other details from one of the best travel experts Christian de Almeida Rego.\",\"breadcrumb\":{\"@id\":\"https:\/\/www.christiandealmeidarego.net\/digital-nomading\/#breadcrumb\"},\"inLanguage\":\"es\",\"potentialAction\":[{\"@type\":\"ReadAction\",\"target\":[\"https:\/\/www.christiandealmeidarego.net\/digital-nomading\/\"]}]},{\"@type\":\"BreadcrumbList\",\"@id\":\"https:\/\/www.christiandealmeidarego.net\/digital-nomading\/#breadcrumb\",\"itemListElement\":[{\"@type\":\"ListItem\",\"position\":1,\"name\":\"Home\",\"item\":\"https:\/\/www.christiandealmeidarego.net\/\"},{\"@type\":\"ListItem\",\"position\":2,\"name\":\"Digital Nomading\"}]},{\"@type\":\"WebSite\",\"@id\":\"https:\/\/www.christiandealmeidarego.net\/#website\",\"url\":\"https:\/\/www.christiandealmeidarego.net\/\",\"name\":\"Christian De Almeida Rego\",\"description\":\"Christian De Almeida Rego\",\"potentialAction\":[{\"@type\":\"SearchAction\",\"target\":{\"@type\":\"EntryPoint\",\"urlTemplate\":\"https:\/\/www.christiandealmeidarego.net\/?s={search_term_string}\"},\"query-input\":{\"@type\":\"PropertyValueSpecification\",\"valueRequired\":true,\"valueName\":\"search_term_string\"}}],\"inLanguage\":\"es\"}]}<\/script>\n<!-- \/ Yoast SEO plugin. -->","yoast_head_json":{"title":"Christian De Almeida Rego - Digital Nomad Ultimate Guidance","description":"Get all top tips regading digital nomad, blogs and all other details from one of the best travel experts Christian de Almeida Rego.","robots":{"index":"index","follow":"follow","max-snippet":"max-snippet:-1","max-image-preview":"max-image-preview:large","max-video-preview":"max-video-preview:-1"},"canonical":"https:\/\/www.christiandealmeidarego.net\/es\/digital-nomading\/","og_locale":"es_ES","og_type":"article","og_title":"Christian De Almeida Rego - Digital Nomad Ultimate Guidance","og_description":"Get all top tips regading digital nomad, blogs and all other details from one of the best travel experts Christian de Almeida Rego.","og_url":"https:\/\/www.christiandealmeidarego.net\/es\/digital-nomading\/","og_site_name":"Christian De Almeida Rego","article_modified_time":"2020-01-27T10:05:20+00:00","twitter_card":"summary_large_image","schema":{"@context":"https:\/\/schema.org","@graph":[{"@type":"WebPage","@id":"https:\/\/www.christiandealmeidarego.net\/digital-nomading\/","url":"https:\/\/www.christiandealmeidarego.net\/digital-nomading\/","name":"Christian De Almeida Rego - Digital Nomad Ultimate Guidance","isPartOf":{"@id":"https:\/\/www.christiandealmeidarego.net\/#website"},"datePublished":"2019-08-09T06:45:35+00:00","dateModified":"2020-01-27T10:05:20+00:00","description":"Get all top tips regading digital nomad, blogs and all other details from one of the best travel experts Christian de Almeida Rego.","breadcrumb":{"@id":"https:\/\/www.christiandealmeidarego.net\/digital-nomading\/#breadcrumb"},"inLanguage":"es","potentialAction":[{"@type":"ReadAction","target":["https:\/\/www.christiandealmeidarego.net\/digital-nomading\/"]}]},{"@type":"BreadcrumbList","@id":"https:\/\/www.christiandealmeidarego.net\/digital-nomading\/#breadcrumb","itemListElement":[{"@type":"ListItem","position":1,"name":"Home","item":"https:\/\/www.christiandealmeidarego.net\/"},{"@type":"ListItem","position":2,"name":"Digital Nomading"}]},{"@type":"WebSite","@id":"https:\/\/www.christiandealmeidarego.net\/#website","url":"https:\/\/www.christiandealmeidarego.net\/","name":"Christian De Almeida Rego","description":"Christian De Almeida Rego","potentialAction":[{"@type":"SearchAction","target":{"@type":"EntryPoint","urlTemplate":"https:\/\/www.christiandealmeidarego.net\/?s={search_term_string}"},"query-input":{"@type":"PropertyValueSpecification","valueRequired":true,"valueName":"search_term_string"}}],"inLanguage":"es"}]}},"_links":{"self":[{"href":"https:\/\/www.christiandealmeidarego.net\/es\/wp-json\/wp\/v2\/pages\/670","targetHints":{"allow":["GET"]}}],"collection":[{"href":"https:\/\/www.christiandealmeidarego.net\/es\/wp-json\/wp\/v2\/pages"}],"about":[{"href":"https:\/\/www.christiandealmeidarego.net\/es\/wp-json\/wp\/v2\/types\/page"}],"author":[{"embeddable":true,"href":"https:\/\/www.christiandealmeidarego.net\/es\/wp-json\/wp\/v2\/users\/1"}],"replies":[{"embeddable":true,"href":"https:\/\/www.christiandealmeidarego.net\/es\/wp-json\/wp\/v2\/comments?post=670"}],"version-history":[{"count":7,"href":"https:\/\/www.christiandealmeidarego.net\/es\/wp-json\/wp\/v2\/pages\/670\/revisions"}],"predecessor-version":[{"id":1956,"href":"https:\/\/www.christiandealmeidarego.net\/es\/wp-json\/wp\/v2\/pages\/670\/revisions\/1956"}],"wp:attachment":[{"href":"https:\/\/www.christiandealmeidarego.net\/es\/wp-json\/wp\/v2\/media?parent=670"}],"curies":[{"name":"wp","href":"https:\/\/api.w.org\/{rel}","templated":true}]}}