{"id":317,"date":"2019-08-08T04:45:56","date_gmt":"2019-08-08T04:45:56","guid":{"rendered":"https:\/\/www.christiandealmeidarego.net\/?page_id=317"},"modified":"2020-01-27T10:10:12","modified_gmt":"2020-01-27T10:10:12","slug":"before-you-go","status":"publish","type":"page","link":"https:\/\/www.christiandealmeidarego.net\/es\/before-you-go\/","title":{"rendered":"Antes de que te vayas"},"content":{"rendered":"<div id=\"fws_6a09a0ac7fd76\" class=\"vc_row wpb_row vc_row-fluid  animate_onoffset row-dynamic-el standard_section   vc_hidden-lg vc_hidden-xs vc_hidden-sm vc_hidden-md\" style=\"\" ><div  style=\"position: absolute;top: 0;\"><\/div><div class=\"container  dark\"><div class=\"section_clear\">\n\t<div class=\"vc_col-sm-4 wpb_column column_container\" style=\"\" data-animation=\"none\" data-delay=\"\">\n\t\t\t<div class=\"wpb_wrapper\">\n\t\t\t\t<div class=\"vc_custom_heading wpb_content_element\" ><h1 style=\"text-align: left\" >HISTORIA ESPECULAR<\/h1><\/div><div class=\"codeless_separator\" style=\" height:4px;  margin-top:0px;  margin-bottom:0px; \"><span class=\"separator\" style=\" width:100px;  background:#d69900;  left:0; height:100%; position:absolute;\"><\/span><\/div>\n\t\t\t<\/div> \n\t<\/div> \n\n\t<div class=\"vc_col-sm-8 wpb_column column_container\" style=\"\" data-animation=\"none\" data-delay=\"\">\n\t\t\t<div class=\"wpb_wrapper\">\n\t\t\t\t<div class=\"vc_row wpb_row vc_inner vc_row-fluid\"><div class=\"wpb_column vc_column_container vc_col-sm-6\"><div class=\"vc_column-inner\"><div class=\"wpb_wrapper\">\n\t<div class=\"wpb_text_column wpb_content_element\">\n\t\t<div class=\"wpb_wrapper\" >\n\t\t\t<p>Lorem ipsum dolor sit amet, consectetur adipiscing elit. Etiam eu dapibus magna, sentarse amet pellentesque massa. Ut tempor gravida turpis, et egestas massa lacinia quis. Nunc vitae iaculis ipsum, si\u00e9ntate en el semper est. Entero suscipit eget sapien si\u00e9ntate en el laoreet. Interdum et malesuada famas ac ante ipsum primis en faucibus. Pellenteque habitante morbi tristique senectus et netus et malesuada fames ac turpis egestas.<\/p>\n\n\t\t<\/div> \n\t<\/div> <\/div><\/div><\/div><div class=\"wpb_column vc_column_container vc_col-sm-6\"><div class=\"vc_column-inner\"><div class=\"wpb_wrapper\">\n\t<div class=\"wpb_text_column wpb_content_element\">\n\t\t<div class=\"wpb_wrapper\" >\n\t\t\t<p>Lorem ipsum dolor sit amet, consectetur adipiscing elit. Etiam eu dapibus magna, sentarse amet pellentesque massa. Ut tempor gravida turpis, et egestas massa lacinia quis. Nunc vitae iaculis ipsum, si\u00e9ntate en el semper est. Entero suscipit eget sapien si\u00e9ntate en el laoreet. Interdum et malesuada famas ac ante ipsum primis en faucibus. Pellenteque habitante morbi tristique senectus et netus et malesuada fames ac turpis egestas.<\/p>\n\n\t\t<\/div> \n\t<\/div> <\/div><\/div><\/div><\/div>\n\t\t\t<\/div> \n\t<\/div> \n<\/div><\/div><\/div><div id=\"before_u_go_sec_1_5\" class=\"vc_row wpb_row vc_row-fluid  animate_onoffset row-dynamic-el section-style\" style=\"background-image: url(); background-position: left top; background-repeat: no-repeat; padding-top: 100px ; padding-bottom: 100px ; \" ><div  style=\"position: absolute;top: 0;\"><\/div><div class=\"bg-overlay\" style=\"background:rgba(9,88,137,0.8);\"><\/div><div class=\"container  light\"><div class=\"section_clear\">\n\t<div class=\"vc_col-sm-6 wpb_column column_container\" style=\"\" data-animation=\"none\" data-delay=\"\">\n\t\t\t<div class=\"wpb_wrapper\">\n\t\t\t\t<div class=\"services_medium style_2 wpb_content_element\"><div class=\"icon_wrapper\" style=\"\"><i class=\"moon-vcard\" style=\"color:#D69900;\"><\/i><\/div><h4><a href=\"\">Pasaporte y visa<\/a><\/h4><p><\/p>\n<p style=\"text-align: justify;\">Planear un viaje puede ser abrumador, pero con una planificaci\u00f3n avanzada, puede hacer que sea un viaje memorable. El pasaporte y la visa son las primeras cosas que debe verificar antes de comenzar su viaje. Todos los d\u00edas las personas son rechazadas de un pa\u00eds porque no tienen el tipo correcto de Visa. Este peque\u00f1o error puede costarle mucho si ignora verificar sus documentos, incluida la visa.<\/p>\n<p><\/p><\/div>\n\t\t\t<\/div> \n\t<\/div> \n\n\t<div class=\"vc_col-sm-6 wpb_column column_container\" style=\"\" data-animation=\"none\" data-delay=\"\">\n\t\t\t<div class=\"wpb_wrapper\">\n\t\t\t\t<div class=\"services_medium style_2 wpb_content_element\"><div class=\"icon_wrapper\" style=\"\"><i class=\"moon-health\" style=\"color:#D69900;\"><\/i><\/div><h4><a href=\"\">Salud<\/a><\/h4><p><\/p>\n<p style=\"text-align: justify;\">Siempre es una buena idea visitar a su m\u00e9dico antes de hacer el viaje para asegurarse de tener un stock completo de sus medicamentos requeridos. Tambi\u00e9n debe hablar con su m\u00e9dico acerca de las medidas necesarias para el viaje que est\u00e1 planeando. Dependiendo del tipo de pa\u00eds que est\u00e9 visitando, necesitar\u00e1 vacunas espec\u00edficas.<\/p>\n<p><\/p><\/div>\n\t\t\t<\/div> \n\t<\/div> \n<\/div><\/div><\/div><div id=\"befoer_sec_2_4\" class=\"vc_row wpb_row vc_row-fluid   row-dynamic-el section-style parallax_section mobile_parallax_section\" style=\"background-repeat: no-repeat; padding-top: 100px ; padding-bottom: 100px ;  background-image: url(https:\/\/www.christiandealmeidarego.net\/wp-content\/uploads\/2019\/08\/before-img-1.jpg); background-position: 50% 0px; \" ><div  style=\"position: absolute;top: 0;\"><\/div><div class=\"container animate_onoffset light\"><div class=\"section_clear\">\n\t<div class=\"vc_col-sm-12 wpb_column column_container vc_custom_1565410720428  vc_custom_1565410720428\" style=\"\" data-animation=\"none\" data-delay=\"\">\n\t\t\t<div class=\"wpb_wrapper\">\n\t\t\t\t\n\t<div class=\"wpb_text_column wpb_content_element\">\n\t\t<div class=\"wpb_wrapper\" >\n\t\t\t<p style=\"text-align: center; font-size: 40px; font-weight: 500;\">Planifique con anticipaci\u00f3n para que su viaje sea memorable<\/p>\n\n\t\t<\/div> \n\t<\/div> <div class=\"wpb_content_element button\"><a  class=\"btn-bt align-center default\" href=\"https:\/\/www.christiandealmeidarego.net\/es\/know-me\/\"><span>About Christian De Almeida Rego<\/span><\/a><\/div>\n\t\t\t<\/div> \n\t<\/div> \n<\/div><\/div><\/div><div id=\"before_u_go_sec_3_5\" class=\"vc_row wpb_row vc_row-fluid  animate_onoffset row-dynamic-el section-style\" style=\"background-image: url(); background-position: left top; background-repeat: no-repeat; padding-top: 100px ; padding-bottom: 100px ; \" ><div  style=\"position: absolute;top: 0;\"><\/div><div class=\"bg-overlay\" style=\"background:rgba(9,88,137,0.8);\"><\/div><div class=\"container  light\"><div class=\"section_clear\">\n\t<div class=\"vc_col-sm-6 wpb_column column_container\" style=\"\" data-animation=\"none\" data-delay=\"\">\n\t\t\t<div class=\"wpb_wrapper\">\n\t\t\t\t<div class=\"services_medium style_2 wpb_content_element\"><div class=\"icon_wrapper\" style=\"\"><i class=\"moon-calendar\" style=\"color:#D69900;\"><\/i><\/div><h4><a href=\"\">Vacaciones p\u00fablicas<\/a><\/h4><p><\/p>\n<p style=\"text-align: justify;\">Antes de planificar su viaje, aseg\u00farese de evitar los d\u00edas festivos. Los d\u00edas festivos se extienden durante todo el a\u00f1o y marcan los eventos especiales. Algunas atracciones pueden estar cerradas o pueden tener un horario limitado durante los d\u00edas festivos, as\u00ed que investigue y evite planificar el viaje en esos d\u00edas.<\/p>\n<p><\/p><\/div>\n\t\t\t<\/div> \n\t<\/div> \n\n\t<div class=\"vc_col-sm-6 wpb_column column_container\" style=\"\" data-animation=\"none\" data-delay=\"\">\n\t\t\t<div class=\"wpb_wrapper\">\n\t\t\t\t<div class=\"services_medium style_2 wpb_content_element\"><div class=\"icon_wrapper\" style=\"\"><i class=\"moon-coins\" style=\"color:#D69900;\"><\/i><\/div><h4><a href=\"\">Dinero y libre de impuestos<\/a><\/h4><p><\/p>\n<p style=\"text-align: justify;\">Si est\u00e1 planeando un viaje al extranjero, debe asegurarse de llevar la moneda requerida. Cambie su moneda por adelantado para que no sienta ning\u00fan problema mientras viaja. Tener suficiente moneda local con usted mientras viaja lo mantiene a salvo y seguro.<\/p>\n<p><\/p><\/div>\n\t\t\t<\/div> \n\t<\/div> \n<\/div><\/div><\/div><div id=\"fws_6a09a0ac81b96\" class=\"vc_row wpb_row vc_row-fluid  animate_onoffset row-dynamic-el full-width-content section-style   vc_hidden-lg vc_hidden-xs vc_hidden-sm vc_hidden-md\" style=\"background-color: #f5f5f5; padding-top: 0px ; padding-bottom: 0px ; \" ><div  style=\"position: absolute;top: 0;\"><\/div><div class=\"col span_12  dark\">\n\t<div class=\"vc_col-sm-6 wpb_column column_container with_padding\" style=\"padding:5%\" data-animation=\"none\" data-delay=\"\">\n\t\t\t<div class=\"wpb_wrapper\">\n\t\t\t\t<div class=\"wpb_content_element media_align_left media media_el animate_onoffset\"><div class=\"media_wrapper\" ><img decoding=\"async\" src=\"https:\/\/www.christiandealmeidarego.net\/wp-content\/themes\/specular\/img\/default.jpg\" alt=\"Alt Text\" class=\"type_image animated fadeInnone alignment_left\" \/><\/div><\/div><div class=\"vc_custom_heading wpb_content_element\" ><h1 style=\"text-align: left\" >Estudiantes graduados exitosos<\/h1><\/div>\n\t<div class=\"wpb_text_column wpb_content_element\">\n\t\t<div class=\"wpb_wrapper\" >\n\t\t\t<p>Lorem ipsum dolor sit amet, consectetur adipiscing elit. Etiam eu dapibus magna, sentarse amet pellentesque massa. Ut tempor gravida turpis, et egestas massa lacinia quis. Nunc vitae iaculis ipsum, si\u00e9ntate en el semper est. Entero suscipit eget sapien si\u00e9ntate en laoreet. Interdum et malesuada famas ac ante ipsum primis en faucibus.<\/p>\n<p>Pellenteque habitante morbi tristique senectus et netus et malesuada fames ac turpis egestas. Suscipit pellentesque orci en lacus pretium pellentesque. Clase atent taciti sociosqu ad litora torquent por conubia nostra, per inceptos himenaeos. Mauris vulputate ut nibh vitae lobortis. Proin en mauris orci. Fusce commodo eu sem eu finibus. Vivamus facilisis porttitor ante, vitae pharetra ex aliquet et.<\/p>\n\n\t\t<\/div> \n\t<\/div> \n\t\t\t<\/div> \n\t<\/div> \n\n\t<div class=\"vc_col-sm-6 wpb_column column_container vc_custom_1552929500426  vc_custom_1552929500426\" style=\"\" data-animation=\"none\" data-delay=\"\">\n\t\t\t<div class=\"wpb_wrapper\">\n\t\t\t\t<div class=\"wpb_content_element media_align_left media media_el animate_onoffset\"><div class=\"media_wrapper\" ><img decoding=\"async\" src=\"https:\/\/www.christiandealmeidarego.net\/wp-content\/themes\/specular\/img\/default.jpg\" alt=\"Alt Text\" class=\"type_image animated fadeInLeft alignment_left\" \/><\/div><\/div>\n\t\t\t<\/div> \n\t<\/div> \n<\/div><\/div><div id=\"fws_6a09a0ac82559\" class=\"vc_row wpb_row vc_row-fluid  animate_onoffset row-dynamic-el full-width-content section-style   vc_hidden-lg vc_hidden-xs vc_hidden-sm vc_hidden-md\" style=\"background-color: #f5f5f5; padding-top: 0px ; padding-bottom: 0px ; \" ><div  style=\"position: absolute;top: 0;\"><\/div><div class=\"col span_12  dark\">\n\t<div class=\"vc_col-sm-6 wpb_column column_container vc_custom_1552929500426  vc_custom_1552929500426\" style=\"\" data-animation=\"none\" data-delay=\"\">\n\t\t\t<div class=\"wpb_wrapper\">\n\t\t\t\t<div class=\"wpb_content_element media_align_left media media_el animate_onoffset\"><div class=\"media_wrapper\" ><img decoding=\"async\" src=\"https:\/\/www.christiandealmeidarego.net\/wp-content\/themes\/specular\/img\/default.jpg\" alt=\"Alt Text\" class=\"type_image animated fadeInnone alignment_left\" \/><\/div><\/div>\n\t\t\t<\/div> \n\t<\/div> \n\n\t<div class=\"vc_col-sm-6 wpb_column column_container with_padding\" style=\"padding:5%\" data-animation=\"none\" data-delay=\"\">\n\t\t\t<div class=\"wpb_wrapper\">\n\t\t\t\t<div class=\"wpb_content_element media_align_left media media_el animate_onoffset\"><div class=\"media_wrapper\" ><img decoding=\"async\" src=\"https:\/\/www.christiandealmeidarego.net\/wp-content\/themes\/specular\/img\/default.jpg\" alt=\"Alt Text\" class=\"type_image animated fadeInLeft alignment_left\" \/><\/div><\/div><div class=\"vc_custom_heading wpb_content_element\" ><h1 style=\"text-align: left\" >Reconocido en todo el mundo<\/h1><\/div>\n\t<div class=\"wpb_text_column wpb_content_element\">\n\t\t<div class=\"wpb_wrapper\" >\n\t\t\t<p>Lorem ipsum dolor sit amet, consectetur adipiscing elit. Etiam eu dapibus magna, sentarse amet pellentesque massa. Ut tempor gravida turpis, et egestas massa lacinia quis. Nunc vitae iaculis ipsum, si\u00e9ntate en el semper est. Entero suscipit eget sapien si\u00e9ntate en laoreet. Interdum et malesuada famas ac ante ipsum primis en faucibus.<\/p>\n<p>Pellenteque habitante morbi tristique senectus et netus et malesuada fames ac turpis egestas. Suscipit pellentesque orci en lacus pretium pellentesque. Clase atent taciti sociosqu ad litora torquent por conubia nostra, per inceptos himenaeos. Mauris vulputate ut nibh vitae lobortis. Proin en mauris orci. Fusce commodo eu sem eu finibus. Vivamus facilisis porttitor ante, vitae pharetra ex aliquet et.<\/p>\n\n\t\t<\/div> \n\t<\/div> \n\t\t\t<\/div> \n\t<\/div> \n<\/div><\/div><div id=\"fws_6a09a0ac82d57\" class=\"vc_row wpb_row vc_row-fluid  animate_onoffset row-dynamic-el full-width-content section-style   vc_hidden-lg vc_hidden-xs vc_hidden-sm vc_hidden-md\" style=\"background-color: #f5f5f5; padding-top: 0px ; padding-bottom: 0px ; \" ><div  style=\"position: absolute;top: 0;\"><\/div><div class=\"col span_12  dark\">\n\t<div class=\"vc_col-sm-6 wpb_column column_container with_padding\" style=\"padding:5%\" data-animation=\"none\" data-delay=\"\">\n\t\t\t<div class=\"wpb_wrapper\">\n\t\t\t\t<div class=\"wpb_content_element media_align_left media media_el animate_onoffset\"><div class=\"media_wrapper\" ><img decoding=\"async\" src=\"https:\/\/www.christiandealmeidarego.net\/wp-content\/themes\/specular\/img\/default.jpg\" alt=\"Alt Text\" class=\"type_image animated fadeInLeft alignment_left\" \/><\/div><\/div><div class=\"vc_custom_heading wpb_content_element\" ><h1 style=\"text-align: left\" >Diploma en linea<\/h1><\/div>\n\t<div class=\"wpb_text_column wpb_content_element\">\n\t\t<div class=\"wpb_wrapper\" >\n\t\t\t<p>Lorem ipsum dolor sit amet, consectetur adipiscing elit. Etiam eu dapibus magna, sentarse amet pellentesque massa. Ut tempor gravida turpis, et egestas massa lacinia quis. Nunc vitae iaculis ipsum, si\u00e9ntate en el semper est. Entero suscipit eget sapien si\u00e9ntate en laoreet. Interdum et malesuada famas ac ante ipsum primis en faucibus.<\/p>\n<p>Pellenteque habitante morbi tristique senectus et netus et malesuada fames ac turpis egestas. Suscipit pellentesque orci en lacus pretium pellentesque. Clase atent taciti sociosqu ad litora torquent por conubia nostra, per inceptos himenaeos. Mauris vulputate ut nibh vitae lobortis. Proin en mauris orci. Fusce commodo eu sem eu finibus. Vivamus facilisis porttitor ante, vitae pharetra ex aliquet et.<\/p>\n\n\t\t<\/div> \n\t<\/div> \n\t\t\t<\/div> \n\t<\/div> \n\n\t<div class=\"vc_col-sm-6 wpb_column column_container vc_custom_1552929500426  vc_custom_1552929500426\" style=\"\" data-animation=\"none\" data-delay=\"\">\n\t\t\t<div class=\"wpb_wrapper\">\n\t\t\t\t<div class=\"wpb_content_element media_align_left media media_el animate_onoffset\"><div class=\"media_wrapper\" ><img decoding=\"async\" src=\"https:\/\/www.christiandealmeidarego.net\/wp-content\/themes\/specular\/img\/default.jpg\" alt=\"Alt Text\" class=\"type_image animated fadeInnone alignment_left\" \/><\/div><\/div>\n\t\t\t<\/div> \n\t<\/div> \n<\/div><\/div>","protected":false},"excerpt":{"rendered":"SPECULAR HISTORY Lorem ipsum dolor sit amet, consectetur adipiscing elit. Etiam eu dapibus magna, sit amet pellentesque massa. Ut tempor gravida turpis, et egestas massa lacinia quis. Nunc vitae iaculis ipsum, sit amet semper est. Integer suscipit eget sapien sit amet laoreet. Interdum et malesuada fames ac ante ipsum primis in faucibus. Pellentesque habitant morbi [...]","protected":false},"author":1,"featured_media":0,"parent":0,"menu_order":0,"comment_status":"closed","ping_status":"closed","template":"","meta":{"footnotes":""},"class_list":["post-317","page","type-page","status-publish","hentry"],"yoast_head":"<!-- This site is optimized with the Yoast SEO plugin v25.0 - https:\/\/yoast.com\/wordpress\/plugins\/seo\/ -->\n<title>Christian De Almeida Rego - Travel Tips<\/title>\n<meta name=\"description\" content=\"Learn with Christian de Almeida Rego, some pre-requisites tips to keep things with you, Before you go for travel or to know the destination you are visiting.\" \/>\n<meta name=\"robots\" content=\"index, follow, max-snippet:-1, max-image-preview:large, max-video-preview:-1\" \/>\n<link rel=\"canonical\" href=\"https:\/\/www.christiandealmeidarego.net\/es\/before-you-go\/\" \/>\n<meta property=\"og:locale\" content=\"es_ES\" \/>\n<meta property=\"og:type\" content=\"article\" \/>\n<meta property=\"og:title\" content=\"Christian De Almeida Rego - Travel Tips\" \/>\n<meta property=\"og:description\" content=\"Learn with Christian de Almeida Rego, some pre-requisites tips to keep things with you, Before you go for travel or to know the destination you are visiting.\" \/>\n<meta property=\"og:url\" content=\"https:\/\/www.christiandealmeidarego.net\/es\/before-you-go\/\" \/>\n<meta property=\"og:site_name\" content=\"Christian De Almeida Rego\" \/>\n<meta property=\"article:modified_time\" content=\"2020-01-27T10:10:12+00:00\" \/>\n<meta name=\"twitter:card\" content=\"summary_large_image\" \/>\n<meta name=\"twitter:label1\" content=\"Tiempo de lectura\" \/>\n\t<meta name=\"twitter:data1\" content=\"6 minutos\" \/>\n<script type=\"application\/ld+json\" class=\"yoast-schema-graph\">{\"@context\":\"https:\/\/schema.org\",\"@graph\":[{\"@type\":\"WebPage\",\"@id\":\"https:\/\/www.christiandealmeidarego.net\/pt\/before-you-go\/\",\"url\":\"https:\/\/www.christiandealmeidarego.net\/pt\/before-you-go\/\",\"name\":\"Christian De Almeida Rego - Travel Tips\",\"isPartOf\":{\"@id\":\"https:\/\/www.christiandealmeidarego.net\/#website\"},\"datePublished\":\"2019-08-08T04:45:56+00:00\",\"dateModified\":\"2020-01-27T10:10:12+00:00\",\"description\":\"Learn with Christian de Almeida Rego, some pre-requisites tips to keep things with you, Before you go for travel or to know the destination you are visiting.\",\"breadcrumb\":{\"@id\":\"https:\/\/www.christiandealmeidarego.net\/pt\/before-you-go\/#breadcrumb\"},\"inLanguage\":\"es\",\"potentialAction\":[{\"@type\":\"ReadAction\",\"target\":[\"https:\/\/www.christiandealmeidarego.net\/pt\/before-you-go\/\"]}]},{\"@type\":\"BreadcrumbList\",\"@id\":\"https:\/\/www.christiandealmeidarego.net\/pt\/before-you-go\/#breadcrumb\",\"itemListElement\":[{\"@type\":\"ListItem\",\"position\":1,\"name\":\"Home\",\"item\":\"https:\/\/www.christiandealmeidarego.net\/\"},{\"@type\":\"ListItem\",\"position\":2,\"name\":\"Before You Go\"}]},{\"@type\":\"WebSite\",\"@id\":\"https:\/\/www.christiandealmeidarego.net\/#website\",\"url\":\"https:\/\/www.christiandealmeidarego.net\/\",\"name\":\"Christian De Almeida Rego\",\"description\":\"Christian De Almeida Rego\",\"potentialAction\":[{\"@type\":\"SearchAction\",\"target\":{\"@type\":\"EntryPoint\",\"urlTemplate\":\"https:\/\/www.christiandealmeidarego.net\/?s={search_term_string}\"},\"query-input\":{\"@type\":\"PropertyValueSpecification\",\"valueRequired\":true,\"valueName\":\"search_term_string\"}}],\"inLanguage\":\"es\"}]}<\/script>\n<!-- \/ Yoast SEO plugin. -->","yoast_head_json":{"title":"Christian De Almeida Rego - Travel Tips","description":"Learn with Christian de Almeida Rego, some pre-requisites tips to keep things with you, Before you go for travel or to know the destination you are visiting.","robots":{"index":"index","follow":"follow","max-snippet":"max-snippet:-1","max-image-preview":"max-image-preview:large","max-video-preview":"max-video-preview:-1"},"canonical":"https:\/\/www.christiandealmeidarego.net\/es\/before-you-go\/","og_locale":"es_ES","og_type":"article","og_title":"Christian De Almeida Rego - Travel Tips","og_description":"Learn with Christian de Almeida Rego, some pre-requisites tips to keep things with you, Before you go for travel or to know the destination you are visiting.","og_url":"https:\/\/www.christiandealmeidarego.net\/es\/before-you-go\/","og_site_name":"Christian De Almeida Rego","article_modified_time":"2020-01-27T10:10:12+00:00","twitter_card":"summary_large_image","twitter_misc":{"Tiempo de lectura":"6 minutos"},"schema":{"@context":"https:\/\/schema.org","@graph":[{"@type":"WebPage","@id":"https:\/\/www.christiandealmeidarego.net\/pt\/before-you-go\/","url":"https:\/\/www.christiandealmeidarego.net\/pt\/before-you-go\/","name":"Christian De Almeida Rego - Travel Tips","isPartOf":{"@id":"https:\/\/www.christiandealmeidarego.net\/#website"},"datePublished":"2019-08-08T04:45:56+00:00","dateModified":"2020-01-27T10:10:12+00:00","description":"Learn with Christian de Almeida Rego, some pre-requisites tips to keep things with you, Before you go for travel or to know the destination you are visiting.","breadcrumb":{"@id":"https:\/\/www.christiandealmeidarego.net\/pt\/before-you-go\/#breadcrumb"},"inLanguage":"es","potentialAction":[{"@type":"ReadAction","target":["https:\/\/www.christiandealmeidarego.net\/pt\/before-you-go\/"]}]},{"@type":"BreadcrumbList","@id":"https:\/\/www.christiandealmeidarego.net\/pt\/before-you-go\/#breadcrumb","itemListElement":[{"@type":"ListItem","position":1,"name":"Home","item":"https:\/\/www.christiandealmeidarego.net\/"},{"@type":"ListItem","position":2,"name":"Before You Go"}]},{"@type":"WebSite","@id":"https:\/\/www.christiandealmeidarego.net\/#website","url":"https:\/\/www.christiandealmeidarego.net\/","name":"Christian De Almeida Rego","description":"Christian De Almeida Rego","potentialAction":[{"@type":"SearchAction","target":{"@type":"EntryPoint","urlTemplate":"https:\/\/www.christiandealmeidarego.net\/?s={search_term_string}"},"query-input":{"@type":"PropertyValueSpecification","valueRequired":true,"valueName":"search_term_string"}}],"inLanguage":"es"}]}},"_links":{"self":[{"href":"https:\/\/www.christiandealmeidarego.net\/es\/wp-json\/wp\/v2\/pages\/317","targetHints":{"allow":["GET"]}}],"collection":[{"href":"https:\/\/www.christiandealmeidarego.net\/es\/wp-json\/wp\/v2\/pages"}],"about":[{"href":"https:\/\/www.christiandealmeidarego.net\/es\/wp-json\/wp\/v2\/types\/page"}],"author":[{"embeddable":true,"href":"https:\/\/www.christiandealmeidarego.net\/es\/wp-json\/wp\/v2\/users\/1"}],"replies":[{"embeddable":true,"href":"https:\/\/www.christiandealmeidarego.net\/es\/wp-json\/wp\/v2\/comments?post=317"}],"version-history":[{"count":22,"href":"https:\/\/www.christiandealmeidarego.net\/es\/wp-json\/wp\/v2\/pages\/317\/revisions"}],"predecessor-version":[{"id":1963,"href":"https:\/\/www.christiandealmeidarego.net\/es\/wp-json\/wp\/v2\/pages\/317\/revisions\/1963"}],"wp:attachment":[{"href":"https:\/\/www.christiandealmeidarego.net\/es\/wp-json\/wp\/v2\/media?parent=317"}],"curies":[{"name":"wp","href":"https:\/\/api.w.org\/{rel}","templated":true}]}}