{"id":315,"date":"2019-08-08T04:45:29","date_gmt":"2019-08-08T04:45:29","guid":{"rendered":"https:\/\/www.christiandealmeidarego.net\/?page_id=315"},"modified":"2020-01-27T10:07:21","modified_gmt":"2020-01-27T10:07:21","slug":"photography","status":"publish","type":"page","link":"https:\/\/www.christiandealmeidarego.net\/es\/photography\/","title":{"rendered":"Fotograf\u00eda"},"content":{"rendered":"<div id=\"photography_sec_1_4\" class=\"vc_row wpb_row vc_row-fluid  animate_onoffset row-dynamic-el standard_section\" style=\"\" ><div  style=\"position: absolute;top: 0;\"><\/div><div class=\"container  dark\"><div class=\"section_clear\">\n\t<div class=\"vc_col-sm-12 wpb_column column_container\" style=\"\" data-animation=\"none\" data-delay=\"\">\n\t\t\t<div class=\"wpb_wrapper\">\n\t\t\t\t<div class=\"vc_empty_space\"   style=\"height: 40px\"><span class=\"vc_empty_space_inner\"><\/span><\/div><div class=\"vc_custom_heading wpb_content_element\" ><h1 style=\"font-size: 35px;text-align: center\" >Christian De Almeida Rego's Photography Tips and Guide<\/h1><\/div>\n\t<div class=\"wpb_text_column wpb_content_element\">\n\t\t<div class=\"wpb_wrapper\" >\n\t\t\t<p style=\"text-align: center;\"><span data-sheets-value=\"{&quot;1&quot;:2,&quot;2&quot;:&quot;If you are want to become a Professional Photographer, here are some of Christian De Almeida Rego's favorite tips that will help you improve your photography!&quot;}\" data-sheets-userformat=\"{&quot;2&quot;:13057,&quot;3&quot;:{&quot;1&quot;:0},&quot;11&quot;:3,&quot;12&quot;:0,&quot;15&quot;:&quot;Verdana&quot;,&quot;16&quot;:10}\">If you are want to become a Professional Photographer, here are some of Christian De Almeida Rego&#8217;s favorite tips that will help you improve your photography!<\/span><\/p>\n\n\t\t<\/div> \n\t<\/div> <div class=\"latest_blog wpb_content_element\"><div class=\"row no_carousel\"><div class=\"blog-item simple\"><img decoding=\"async\" src=\"https:\/\/www.christiandealmeidarego.net\/wp-content\/uploads\/2019\/08\/best-travel-camera-460x275.jpg\" alt=\"Featured Image\"><div class=\"content\"><h4><a href=\"https:\/\/www.christiandealmeidarego.net\/es\/best-travel-cameras\/\">Las mejores c\u00e1maras de viaje<\/a><\/h4><ul class=\"info\"><\/ul><p>Ya sea que est\u00e9 buscando una peque\u00f1a actualizaci\u00f3n de tel\u00e9fono inteligente o simplemente otra forma de actualizar su fotograf\u00eda de vacaciones, puede encontrar muchas c\u00e1maras construidas especialmente para fotograf\u00eda de viaje. Capturar im\u00e1genes mientras viaja es genial y tener algo liviano y peque\u00f1o para hacerlo es el objetivo. Aunque todos tienen un tel\u00e9fono inteligente con ellos, estos ...<\/p><\/div><\/div><div class=\"blog-item simple\"><img decoding=\"async\" src=\"https:\/\/www.christiandealmeidarego.net\/wp-content\/uploads\/2019\/08\/gear-guide-final-460x275.jpg\" alt=\"Featured Image\"><div class=\"content\"><h4><a href=\"https:\/\/www.christiandealmeidarego.net\/es\/travel-photography-gear-guide\/\">Gu\u00eda de equipo de fotograf\u00eda de viaje<\/a><\/h4><ul class=\"info\"><\/ul><p>\u00bfPlaneas viajar y te apasiona la fotograf\u00eda? \u00bfQuieres saber qu\u00e9 equipo de fotograf\u00eda debes llevar contigo? Entonces, aqu\u00ed hay una lista de los mejores equipos que debe llevar consigo en cada viaje. C\u00e1mara El primer y principal requisito en su equipo de fotograf\u00eda de viaje es una c\u00e1mara. Ah\u00ed...<\/p><\/div><\/div><div class=\"blog-item simple\"><img decoding=\"async\" src=\"https:\/\/www.christiandealmeidarego.net\/wp-content\/uploads\/2019\/08\/billionphotos-1877504-1-460x275.jpg\" alt=\"Featured Image\"><div class=\"content\"><h4><a href=\"https:\/\/www.christiandealmeidarego.net\/es\/gopro-accessories-for-traveling\/\">Accesorios GoPro para viajar.<\/a><\/h4><ul class=\"info\"><\/ul><p>Invertir en accesorios GoPro puede aumentar las capacidades de su c\u00e1mara. Para llevar las fotos y videos de GoPro al siguiente nivel, vale la pena invertir en algunos de los mejores accesorios de GoPro para viajar. Algunos de los complementos GoPro recomendados para viajeros que desean capturar sus viajes incluyen: 1. Selfie Stick Un selfie stick te permite ...<\/p><\/div><\/div><div class=\"blog-item simple\"><img decoding=\"async\" src=\"https:\/\/www.christiandealmeidarego.net\/wp-content\/uploads\/2019\/08\/billionphotos-1905442-1-460x275.jpg\" alt=\"Featured Image\"><div class=\"content\"><h4><a href=\"https:\/\/www.christiandealmeidarego.net\/es\/travel-photography-tips\/\">Consejos de fotograf\u00eda de viajes<\/a><\/h4><ul class=\"info\"><\/ul><p>Las fotos de viaje son en realidad tus recuerdos. Los miras y fascina los sentimientos y pensamientos que te llevan a tus viejos viajes nuevamente. Cada lugar al que viajas tiene una atm\u00f3sfera espec\u00edfica, un personaje y un ambiente, y tu foto deber\u00eda recuperar todo esto nuevamente. Entonces, si est\u00e1s planeando un viaje y ...<\/p><\/div><\/div><\/div><\/div>\n\t\t\t<\/div> \n\t<\/div> \n<\/div><\/div><\/div><div id=\"fws_6a09a3145856b\" class=\"vc_row wpb_row vc_row-fluid  animate_onoffset row-dynamic-el section-style   vc_hidden-lg vc_hidden-xs vc_hidden-sm vc_hidden-md\" style=\"background-image: url(); background-position: left top; background-repeat: no-repeat; padding-top: 100px ; padding-bottom: 100px ; \" ><div  style=\"position: absolute;top: 0;\"><\/div><div class=\"bg-overlay\" style=\"background:rgba(9,88,137,0.8);\"><\/div><div class=\"container  light\"><div class=\"section_clear\">\n\t<div class=\"vc_col-sm-4 wpb_column column_container\" style=\"\" data-animation=\"none\" data-delay=\"\">\n\t\t\t<div class=\"wpb_wrapper\">\n\t\t\t\t<div class=\"services_medium style_2 wpb_content_element\"><div class=\"icon_wrapper\" style=\"\"><i class=\"steadysets-icon-book2\" style=\"color:#D69900;\"><\/i><\/div><h4><a href=\"#\">nuestra filosof\u00eda<\/a><\/h4><p>Lorem ipsum dolor sit amet, consectetur adipiscing elit. Etiam eu dapibus magna, sentarse amet pellentesque massa.<\/p><\/div>\n\t\t\t<\/div> \n\t<\/div> \n\n\t<div class=\"vc_col-sm-4 wpb_column column_container\" style=\"\" data-animation=\"none\" data-delay=\"\">\n\t\t\t<div class=\"wpb_wrapper\">\n\t\t\t\t<div class=\"services_medium style_2 wpb_content_element\"><div class=\"icon_wrapper\" style=\"\"><i class=\"steadysets-icon-user\" style=\"color:#D69900;\"><\/i><\/div><h4><a href=\"#\">Profesores calificados<\/a><\/h4><p>Lorem ipsum dolor sit amet, consectetur adipiscing elit. Etiam eu dapibus magna, sentarse amet pellentesque massa.<\/p><\/div>\n\t\t\t<\/div> \n\t<\/div> \n\n\t<div class=\"vc_col-sm-4 wpb_column column_container\" style=\"\" data-animation=\"none\" data-delay=\"\">\n\t\t\t<div class=\"wpb_wrapper\">\n\t\t\t\t<div class=\"services_medium style_2 wpb_content_element\"><div class=\"icon_wrapper\" style=\"\"><i class=\"linecon-icon-world\" style=\"color:#D69900;\"><\/i><\/div><h4><a href=\"#\">Instalaciones<\/a><\/h4><p>Lorem ipsum dolor sit amet, consectetur adipiscing elit. Etiam eu dapibus magna, sentarse amet pellentesque massa.<\/p><\/div>\n\t\t\t<\/div> \n\t<\/div> \n<\/div><\/div><\/div><div id=\"fws_6a09a31458c24\" class=\"vc_row wpb_row vc_row-fluid  animate_onoffset row-dynamic-el full-width-content section-style   vc_hidden-lg vc_hidden-xs vc_hidden-sm vc_hidden-md\" style=\"background-color: #f5f5f5; padding-top: 0px ; padding-bottom: 0px ; \" ><div  style=\"position: absolute;top: 0;\"><\/div><div class=\"col span_12  dark\">\n\t<div class=\"vc_col-sm-6 wpb_column column_container with_padding\" style=\"padding:5%\" data-animation=\"none\" data-delay=\"\">\n\t\t\t<div class=\"wpb_wrapper\">\n\t\t\t\t<div class=\"wpb_content_element media_align_left media media_el animate_onoffset\"><div class=\"media_wrapper\" ><img decoding=\"async\" src=\"https:\/\/www.christiandealmeidarego.net\/wp-content\/themes\/specular\/img\/default.jpg\" alt=\"Alt Text\" class=\"type_image animated fadeInnone alignment_left\" \/><\/div><\/div><div class=\"vc_custom_heading wpb_content_element\" ><h1 style=\"text-align: left\" >Estudiantes graduados exitosos<\/h1><\/div>\n\t<div class=\"wpb_text_column wpb_content_element\">\n\t\t<div class=\"wpb_wrapper\" >\n\t\t\t<p>Lorem ipsum dolor sit amet, consectetur adipiscing elit. Etiam eu dapibus magna, sentarse amet pellentesque massa. Ut tempor gravida turpis, et egestas massa lacinia quis. Nunc vitae iaculis ipsum, si\u00e9ntate en el semper est. Entero suscipit eget sapien si\u00e9ntate en laoreet. Interdum et malesuada famas ac ante ipsum primis en faucibus.<\/p>\n<p>Pellenteque habitante morbi tristique senectus et netus et malesuada fames ac turpis egestas. Suscipit pellentesque orci en lacus pretium pellentesque. Clase atent taciti sociosqu ad litora torquent por conubia nostra, per inceptos himenaeos. Mauris vulputate ut nibh vitae lobortis. Proin en mauris orci. Fusce commodo eu sem eu finibus. Vivamus facilisis porttitor ante, vitae pharetra ex aliquet et.<\/p>\n\n\t\t<\/div> \n\t<\/div> \n\t\t\t<\/div> \n\t<\/div> \n\n\t<div class=\"vc_col-sm-6 wpb_column column_container vc_custom_1552929500426  vc_custom_1552929500426\" style=\"\" data-animation=\"none\" data-delay=\"\">\n\t\t\t<div class=\"wpb_wrapper\">\n\t\t\t\t<div class=\"wpb_content_element media_align_left media media_el animate_onoffset\"><div class=\"media_wrapper\" ><img decoding=\"async\" src=\"https:\/\/www.christiandealmeidarego.net\/wp-content\/themes\/specular\/img\/default.jpg\" alt=\"Alt Text\" class=\"type_image animated fadeInLeft alignment_left\" \/><\/div><\/div>\n\t\t\t<\/div> \n\t<\/div> \n<\/div><\/div><div id=\"fws_6a09a31459619\" class=\"vc_row wpb_row vc_row-fluid  animate_onoffset row-dynamic-el full-width-content section-style   vc_hidden-lg vc_hidden-xs vc_hidden-sm vc_hidden-md\" style=\"background-color: #f5f5f5; padding-top: 0px ; padding-bottom: 0px ; \" ><div  style=\"position: absolute;top: 0;\"><\/div><div class=\"col span_12  dark\">\n\t<div class=\"vc_col-sm-6 wpb_column column_container vc_custom_1552929500426  vc_custom_1552929500426\" style=\"\" data-animation=\"none\" data-delay=\"\">\n\t\t\t<div class=\"wpb_wrapper\">\n\t\t\t\t<div class=\"wpb_content_element media_align_left media media_el animate_onoffset\"><div class=\"media_wrapper\" ><img decoding=\"async\" src=\"https:\/\/www.christiandealmeidarego.net\/wp-content\/themes\/specular\/img\/default.jpg\" alt=\"Alt Text\" class=\"type_image animated fadeInnone alignment_left\" \/><\/div><\/div>\n\t\t\t<\/div> \n\t<\/div> \n\n\t<div class=\"vc_col-sm-6 wpb_column column_container with_padding\" style=\"padding:5%\" data-animation=\"none\" data-delay=\"\">\n\t\t\t<div class=\"wpb_wrapper\">\n\t\t\t\t<div class=\"wpb_content_element media_align_left media media_el animate_onoffset\"><div class=\"media_wrapper\" ><img decoding=\"async\" src=\"https:\/\/www.christiandealmeidarego.net\/wp-content\/themes\/specular\/img\/default.jpg\" alt=\"Alt Text\" class=\"type_image animated fadeInLeft alignment_left\" \/><\/div><\/div><div class=\"vc_custom_heading wpb_content_element\" ><h1 style=\"text-align: left\" >Reconocido en todo el mundo<\/h1><\/div>\n\t<div class=\"wpb_text_column wpb_content_element\">\n\t\t<div class=\"wpb_wrapper\" >\n\t\t\t<p>Lorem ipsum dolor sit amet, consectetur adipiscing elit. Etiam eu dapibus magna, sentarse amet pellentesque massa. Ut tempor gravida turpis, et egestas massa lacinia quis. Nunc vitae iaculis ipsum, si\u00e9ntate en el semper est. Entero suscipit eget sapien si\u00e9ntate en laoreet. Interdum et malesuada famas ac ante ipsum primis en faucibus.<\/p>\n<p>Pellenteque habitante morbi tristique senectus et netus et malesuada fames ac turpis egestas. Suscipit pellentesque orci en lacus pretium pellentesque. Clase atent taciti sociosqu ad litora torquent por conubia nostra, per inceptos himenaeos. Mauris vulputate ut nibh vitae lobortis. Proin en mauris orci. Fusce commodo eu sem eu finibus. Vivamus facilisis porttitor ante, vitae pharetra ex aliquet et.<\/p>\n\n\t\t<\/div> \n\t<\/div> \n\t\t\t<\/div> \n\t<\/div> \n<\/div><\/div><div id=\"fws_6a09a31459e81\" class=\"vc_row wpb_row vc_row-fluid  animate_onoffset row-dynamic-el full-width-content section-style   vc_hidden-lg vc_hidden-xs vc_hidden-sm vc_hidden-md\" style=\"background-color: #f5f5f5; padding-top: 0px ; padding-bottom: 0px ; \" ><div  style=\"position: absolute;top: 0;\"><\/div><div class=\"col span_12  dark\">\n\t<div class=\"vc_col-sm-6 wpb_column column_container with_padding\" style=\"padding:5%\" data-animation=\"none\" data-delay=\"\">\n\t\t\t<div class=\"wpb_wrapper\">\n\t\t\t\t<div class=\"wpb_content_element media_align_left media media_el animate_onoffset\"><div class=\"media_wrapper\" ><img decoding=\"async\" src=\"https:\/\/www.christiandealmeidarego.net\/wp-content\/themes\/specular\/img\/default.jpg\" alt=\"Alt Text\" class=\"type_image animated fadeInLeft alignment_left\" \/><\/div><\/div><div class=\"vc_custom_heading wpb_content_element\" ><h1 style=\"text-align: left\" >Diploma en linea<\/h1><\/div>\n\t<div class=\"wpb_text_column wpb_content_element\">\n\t\t<div class=\"wpb_wrapper\" >\n\t\t\t<p>Lorem ipsum dolor sit amet, consectetur adipiscing elit. Etiam eu dapibus magna, sentarse amet pellentesque massa. Ut tempor gravida turpis, et egestas massa lacinia quis. Nunc vitae iaculis ipsum, si\u00e9ntate en el semper est. Entero suscipit eget sapien si\u00e9ntate en laoreet. Interdum et malesuada famas ac ante ipsum primis en faucibus.<\/p>\n<p>Pellenteque habitante morbi tristique senectus et netus et malesuada fames ac turpis egestas. Suscipit pellentesque orci en lacus pretium pellentesque. Clase atent taciti sociosqu ad litora torquent por conubia nostra, per inceptos himenaeos. Mauris vulputate ut nibh vitae lobortis. Proin en mauris orci. Fusce commodo eu sem eu finibus. Vivamus facilisis porttitor ante, vitae pharetra ex aliquet et.<\/p>\n\n\t\t<\/div> \n\t<\/div> \n\t\t\t<\/div> \n\t<\/div> \n\n\t<div class=\"vc_col-sm-6 wpb_column column_container vc_custom_1552929500426  vc_custom_1552929500426\" style=\"\" data-animation=\"none\" data-delay=\"\">\n\t\t\t<div class=\"wpb_wrapper\">\n\t\t\t\t<div class=\"wpb_content_element media_align_left media media_el animate_onoffset\"><div class=\"media_wrapper\" ><img decoding=\"async\" src=\"https:\/\/www.christiandealmeidarego.net\/wp-content\/themes\/specular\/img\/default.jpg\" alt=\"Alt Text\" class=\"type_image animated fadeInnone alignment_left\" \/><\/div><\/div>\n\t\t\t<\/div> \n\t<\/div> \n<\/div><\/div>","protected":false},"excerpt":{"rendered":"Travel photos are actually your memories. You look at them and it mesmerizes feeling and thoughts that take you to your old trips again. Every place you travel has a specific atmosphere, a character and an ambiance and your photo should bring back all these again. So, if you are planning a trip and want [...]","protected":false},"author":1,"featured_media":0,"parent":0,"menu_order":0,"comment_status":"closed","ping_status":"closed","template":"","meta":{"footnotes":""},"class_list":["post-315","page","type-page","status-publish","hentry"],"yoast_head":"<!-- This site is optimized with the Yoast SEO plugin v25.0 - https:\/\/yoast.com\/wordpress\/plugins\/seo\/ -->\n<title>Christian de Almeida Rego - Photography<\/title>\n<meta name=\"description\" content=\"Christian de Almeida Rego shares the lifestyle, landscape and travel photographs for all the travel journeys he has been through.\" \/>\n<meta name=\"robots\" content=\"index, follow, max-snippet:-1, max-image-preview:large, max-video-preview:-1\" \/>\n<link rel=\"canonical\" href=\"https:\/\/www.christiandealmeidarego.net\/es\/photography\/\" \/>\n<meta property=\"og:locale\" content=\"es_ES\" \/>\n<meta property=\"og:type\" content=\"article\" \/>\n<meta property=\"og:title\" content=\"Christian de Almeida Rego - Photography\" \/>\n<meta property=\"og:description\" content=\"Christian de Almeida Rego shares the lifestyle, landscape and travel photographs for all the travel journeys he has been through.\" \/>\n<meta property=\"og:url\" content=\"https:\/\/www.christiandealmeidarego.net\/es\/photography\/\" \/>\n<meta property=\"og:site_name\" content=\"Christian De Almeida Rego\" \/>\n<meta property=\"article:modified_time\" content=\"2020-01-27T10:07:21+00:00\" \/>\n<meta name=\"twitter:card\" content=\"summary_large_image\" \/>\n<meta name=\"twitter:label1\" content=\"Tiempo de lectura\" \/>\n\t<meta name=\"twitter:data1\" content=\"4 minutos\" \/>\n<script type=\"application\/ld+json\" class=\"yoast-schema-graph\">{\"@context\":\"https:\/\/schema.org\",\"@graph\":[{\"@type\":\"WebPage\",\"@id\":\"https:\/\/www.christiandealmeidarego.net\/en\/photography\/\",\"url\":\"https:\/\/www.christiandealmeidarego.net\/en\/photography\/\",\"name\":\"Christian de Almeida Rego - Photography\",\"isPartOf\":{\"@id\":\"https:\/\/www.christiandealmeidarego.net\/#website\"},\"datePublished\":\"2019-08-08T04:45:29+00:00\",\"dateModified\":\"2020-01-27T10:07:21+00:00\",\"description\":\"Christian de Almeida Rego shares the lifestyle, landscape and travel photographs for all the travel journeys he has been through.\",\"breadcrumb\":{\"@id\":\"https:\/\/www.christiandealmeidarego.net\/en\/photography\/#breadcrumb\"},\"inLanguage\":\"es\",\"potentialAction\":[{\"@type\":\"ReadAction\",\"target\":[\"https:\/\/www.christiandealmeidarego.net\/en\/photography\/\"]}]},{\"@type\":\"BreadcrumbList\",\"@id\":\"https:\/\/www.christiandealmeidarego.net\/en\/photography\/#breadcrumb\",\"itemListElement\":[{\"@type\":\"ListItem\",\"position\":1,\"name\":\"Home\",\"item\":\"https:\/\/www.christiandealmeidarego.net\/\"},{\"@type\":\"ListItem\",\"position\":2,\"name\":\"Photography\"}]},{\"@type\":\"WebSite\",\"@id\":\"https:\/\/www.christiandealmeidarego.net\/#website\",\"url\":\"https:\/\/www.christiandealmeidarego.net\/\",\"name\":\"Christian De Almeida Rego\",\"description\":\"Christian De Almeida Rego\",\"potentialAction\":[{\"@type\":\"SearchAction\",\"target\":{\"@type\":\"EntryPoint\",\"urlTemplate\":\"https:\/\/www.christiandealmeidarego.net\/?s={search_term_string}\"},\"query-input\":{\"@type\":\"PropertyValueSpecification\",\"valueRequired\":true,\"valueName\":\"search_term_string\"}}],\"inLanguage\":\"es\"}]}<\/script>\n<!-- \/ Yoast SEO plugin. -->","yoast_head_json":{"title":"Christian de Almeida Rego - Photography","description":"Christian de Almeida Rego shares the lifestyle, landscape and travel photographs for all the travel journeys he has been through.","robots":{"index":"index","follow":"follow","max-snippet":"max-snippet:-1","max-image-preview":"max-image-preview:large","max-video-preview":"max-video-preview:-1"},"canonical":"https:\/\/www.christiandealmeidarego.net\/es\/photography\/","og_locale":"es_ES","og_type":"article","og_title":"Christian de Almeida Rego - Photography","og_description":"Christian de Almeida Rego shares the lifestyle, landscape and travel photographs for all the travel journeys he has been through.","og_url":"https:\/\/www.christiandealmeidarego.net\/es\/photography\/","og_site_name":"Christian De Almeida Rego","article_modified_time":"2020-01-27T10:07:21+00:00","twitter_card":"summary_large_image","twitter_misc":{"Tiempo de lectura":"4 minutos"},"schema":{"@context":"https:\/\/schema.org","@graph":[{"@type":"WebPage","@id":"https:\/\/www.christiandealmeidarego.net\/en\/photography\/","url":"https:\/\/www.christiandealmeidarego.net\/en\/photography\/","name":"Christian de Almeida Rego - Photography","isPartOf":{"@id":"https:\/\/www.christiandealmeidarego.net\/#website"},"datePublished":"2019-08-08T04:45:29+00:00","dateModified":"2020-01-27T10:07:21+00:00","description":"Christian de Almeida Rego shares the lifestyle, landscape and travel photographs for all the travel journeys he has been through.","breadcrumb":{"@id":"https:\/\/www.christiandealmeidarego.net\/en\/photography\/#breadcrumb"},"inLanguage":"es","potentialAction":[{"@type":"ReadAction","target":["https:\/\/www.christiandealmeidarego.net\/en\/photography\/"]}]},{"@type":"BreadcrumbList","@id":"https:\/\/www.christiandealmeidarego.net\/en\/photography\/#breadcrumb","itemListElement":[{"@type":"ListItem","position":1,"name":"Home","item":"https:\/\/www.christiandealmeidarego.net\/"},{"@type":"ListItem","position":2,"name":"Photography"}]},{"@type":"WebSite","@id":"https:\/\/www.christiandealmeidarego.net\/#website","url":"https:\/\/www.christiandealmeidarego.net\/","name":"Christian De Almeida Rego","description":"Christian De Almeida Rego","potentialAction":[{"@type":"SearchAction","target":{"@type":"EntryPoint","urlTemplate":"https:\/\/www.christiandealmeidarego.net\/?s={search_term_string}"},"query-input":{"@type":"PropertyValueSpecification","valueRequired":true,"valueName":"search_term_string"}}],"inLanguage":"es"}]}},"_links":{"self":[{"href":"https:\/\/www.christiandealmeidarego.net\/es\/wp-json\/wp\/v2\/pages\/315","targetHints":{"allow":["GET"]}}],"collection":[{"href":"https:\/\/www.christiandealmeidarego.net\/es\/wp-json\/wp\/v2\/pages"}],"about":[{"href":"https:\/\/www.christiandealmeidarego.net\/es\/wp-json\/wp\/v2\/types\/page"}],"author":[{"embeddable":true,"href":"https:\/\/www.christiandealmeidarego.net\/es\/wp-json\/wp\/v2\/users\/1"}],"replies":[{"embeddable":true,"href":"https:\/\/www.christiandealmeidarego.net\/es\/wp-json\/wp\/v2\/comments?post=315"}],"version-history":[{"count":12,"href":"https:\/\/www.christiandealmeidarego.net\/es\/wp-json\/wp\/v2\/pages\/315\/revisions"}],"predecessor-version":[{"id":1961,"href":"https:\/\/www.christiandealmeidarego.net\/es\/wp-json\/wp\/v2\/pages\/315\/revisions\/1961"}],"wp:attachment":[{"href":"https:\/\/www.christiandealmeidarego.net\/es\/wp-json\/wp\/v2\/media?parent=315"}],"curies":[{"name":"wp","href":"https:\/\/api.w.org\/{rel}","templated":true}]}}